{"id":2297,"date":"2025-04-03T14:10:38","date_gmt":"2025-04-03T12:10:38","guid":{"rendered":"https:\/\/www.cobaltoamalfi.it\/?post_type=product&#038;p=2297"},"modified":"2025-04-03T15:24:14","modified_gmt":"2025-04-03T13:24:14","slug":"box-n-3-delizie-al-limone-e-liquori-artigianali","status":"publish","type":"product","link":"https:\/\/www.cobaltoamalfi.it\/en\/negozio\/liqueurs\/box-n-3-delizie-al-limone-e-liquori-artigianali\/","title":{"rendered":"Box No. 3 &#8211; Lemon Delights &amp; Artisan Liqueurs"},"content":{"rendered":"<p class=\"\" data-start=\"119\" data-end=\"241\">A perfect blend of Mediterranean flavors, between sweetness and tradition<\/p>\n<p class=\"\" data-start=\"243\" data-end=\"502\"><strong data-start=\"246\" data-end=\"258\">Box No. 3<\/strong> is an exclusive selection that combines the finest artisanal liqueurs with a refined assortment of traditional lemon sweets. Designed to surprise and delight, it\u2019s the ideal gift or indulgence for those who love the taste of Southern Italy. <\/p>\n<p class=\"\" data-start=\"504\" data-end=\"526\"><strong data-start=\"504\" data-end=\"525\">Box Contents<\/strong>:<\/p>\n<ul data-start=\"527\" data-end=\"1258\">\n<li class=\"\" data-start=\"527\" data-end=\"631\">\n<p class=\"\" data-start=\"529\" data-end=\"631\"><strong data-start=\"529\" data-end=\"558\">2 Bottles of Limoncello<\/strong> (50 cl) \u2013 the classic citrus-scented liqueur with a bold, refreshing taste.<\/p>\n<\/li>\n<li class=\"\" data-start=\"632\" data-end=\"735\">\n<p class=\"\" data-start=\"634\" data-end=\"735\"><strong data-start=\"634\" data-end=\"672\">1 Bottle of Pistachio Cream<\/strong> (50 cl) \u2013 rich and velvety, with an intense, nutty flavor.<\/p>\n<\/li>\n<li class=\"\" data-start=\"736\" data-end=\"826\">\n<p class=\"\" data-start=\"738\" data-end=\"826\"><strong data-start=\"738\" data-end=\"772\">1 Bottle of Melon Cream<\/strong> (50 cl) \u2013 smooth and sweet, perfect when served chilled.<\/p>\n<\/li>\n<li class=\"\" data-start=\"827\" data-end=\"937\">\n<p class=\"\" data-start=\"829\" data-end=\"937\"><strong data-start=\"829\" data-end=\"863\">1 Bottle of Lemon Cream<\/strong> (50 cl) \u2013 soft and fragrant, a lighter alternative to traditional limoncello.<\/p>\n<\/li>\n<li class=\"\" data-start=\"938\" data-end=\"1050\">\n<p class=\"\" data-start=\"940\" data-end=\"1050\"><strong data-start=\"940\" data-end=\"973\">1 Pack of Limoncello Baci<\/strong> \u2013 chocolates filled with limoncello cream, covered in chocolate and lemon crumble.<\/p>\n<\/li>\n<li class=\"\" data-start=\"1051\" data-end=\"1137\">\n<p class=\"\" data-start=\"1053\" data-end=\"1137\"><strong data-start=\"1053\" data-end=\"1086\">1 Pack of Lemon Confetti<\/strong> \u2013 crunchy sugar-coated candies with a soft citrus heart.<\/p>\n<\/li>\n<li class=\"\" data-start=\"1138\" data-end=\"1258\">\n<p class=\"\" data-start=\"1140\" data-end=\"1258\"><strong data-start=\"1140\" data-end=\"1173\">1 Pack of Lemon Sorbet Chocolates<\/strong> \u2013 small treats with a creamy lemon, white chocolate and hazelnut filling.<\/p>\n<\/li>\n<\/ul>\n<p class=\"\" data-start=\"1260\" data-end=\"1490\">Un box completo, pensato per regalare un\u2019esperienza sensoriale che va dall\u2019intensit\u00e0 dei liquori alla dolcezza raffinata delle specialit\u00e0 al limone. Ogni prodotto \u00e8 realizzato con ingredienti selezionati e lavorazioni artigianali. <\/p>\n","protected":false},"excerpt":{"rendered":"<p class=\"\" data-start=\"119\" data-end=\"241\">A perfect blend of Mediterranean flavors, between sweetness and tradition<\/p>\n<p class=\"\" data-start=\"243\" data-end=\"502\"><strong data-start=\"246\" data-end=\"258\">Box No. 3<\/strong> is an exclusive selection that combines the finest artisanal liqueurs with a refined assortment of traditional lemon sweets. Designed to surprise and delight, it\u2019s the ideal gift or indulgence for those who love the taste of Southern Italy. <\/p>\n","protected":false},"featured_media":2299,"comment_status":"open","ping_status":"closed","template":"","meta":[],"product_cat":[121,122],"product_tag":[],"class_list":{"0":"post-2297","1":"product","2":"type-product","3":"status-publish","4":"has-post-thumbnail","6":"product_cat-liqueurs","7":"product_cat-sweets","8":"product_shipping_class-free-shipping","10":"first","11":"instock","12":"shipping-taxable","13":"purchasable","14":"product-type-simple"},"_links":{"self":[{"href":"https:\/\/www.cobaltoamalfi.it\/en\/wp-json\/wp\/v2\/product\/2297","targetHints":{"allow":["GET"]}}],"collection":[{"href":"https:\/\/www.cobaltoamalfi.it\/en\/wp-json\/wp\/v2\/product"}],"about":[{"href":"https:\/\/www.cobaltoamalfi.it\/en\/wp-json\/wp\/v2\/types\/product"}],"replies":[{"embeddable":true,"href":"https:\/\/www.cobaltoamalfi.it\/en\/wp-json\/wp\/v2\/comments?post=2297"}],"wp:featuredmedia":[{"embeddable":true,"href":"https:\/\/www.cobaltoamalfi.it\/en\/wp-json\/wp\/v2\/media\/2299"}],"wp:attachment":[{"href":"https:\/\/www.cobaltoamalfi.it\/en\/wp-json\/wp\/v2\/media?parent=2297"}],"wp:term":[{"taxonomy":"product_cat","embeddable":true,"href":"https:\/\/www.cobaltoamalfi.it\/en\/wp-json\/wp\/v2\/product_cat?post=2297"},{"taxonomy":"product_tag","embeddable":true,"href":"https:\/\/www.cobaltoamalfi.it\/en\/wp-json\/wp\/v2\/product_tag?post=2297"}],"curies":[{"name":"wp","href":"https:\/\/api.w.org\/{rel}","templated":true}]}}